{"id":2391,"date":"2024-10-08T09:40:27","date_gmt":"2024-10-08T09:40:27","guid":{"rendered":"https:\/\/www.microplanet.at\/?page_id=2391"},"modified":"2024-10-08T09:40:27","modified_gmt":"2024-10-08T09:40:27","slug":"imprint-impressum","status":"publish","type":"page","link":"https:\/\/www.microplanet.at\/index.php\/imprint-impressum\/","title":{"rendered":"Imprint\/Impressum"},"content":{"rendered":"\n<section class=\"wp-block-group hero-with-heading hero-with-heading-blue bg-custom-blue-200 is-layout-flow wp-block-group-is-layout-flow\">\n<div class=\"wp-block-group container is-layout-flow wp-block-group-is-layout-flow\"><h2 class=\"hero-with-heading-title wp-block-post-title\">Imprint\/Impressum<\/h2>\n\n\n<p><\/p>\n<\/div>\n<\/section>\n\n\n\n<div class=\"wp-block-group has-global-padding is-layout-constrained wp-block-group-is-layout-constrained\">\n<div style=\"height:40px\" aria-hidden=\"true\" class=\"wp-block-spacer\"><\/div>\n\n\n\n<p>ENGLISH VERSION<\/p>\n\n\n\n<p><strong>Copyright<\/strong><\/p>\n\n\n\n<p>\u00a9 The contents of the website are published in the World Wide Web for online access. Copyright for texts, images, graphic design and source code is owned by the University of Vienna and subject to legal protection. The production, use and non-commercial distribution of copies in electronic or printed form is allowed provided that the contents are not altered and the source is mentioned (Source: University of Vienna).<\/p>\n\n\n\n<div style=\"height:40px\" aria-hidden=\"true\" class=\"wp-block-spacer\"><\/div>\n\n\n\n<p><strong>Liability<\/strong><\/p>\n\n\n\n<p>All texts on the homepage of the University of Vienna have been carefully checked. Nevertheless, no guarantee can be given for the correctness, completeness and topicality of the information. The University of Vienna therefore accepts no liability. The links to other websites have been carefully selected. As the University of Vienna has no influence on their content, the University of Vienna accepts no responsibility for them.<\/p>\n\n\n\n<div style=\"height:40px\" aria-hidden=\"true\" class=\"wp-block-spacer\"><\/div>\n\n\n\n<p><strong>Responsibility for contents and editing<\/strong><\/p>\n\n\n\n<p><strong><em>Centre for Microbiology and Environmental Systems Science (CeMESS)<\/em><\/strong><em><br><br>University of Vienna Biology Building<br>Djerassiplatz 1<br>1030 Vienna<br><br><\/em><em>\u260e +43 1 4277 91243<br><\/em><em>\u2709 coe.cemess@univie.ac.at<\/em><\/p>\n\n\n\n<div style=\"height:50px\" aria-hidden=\"true\" class=\"wp-block-spacer\"><\/div>\n<\/div>\n\n\n\n<div class=\"wp-block-group has-global-padding is-layout-constrained wp-block-group-is-layout-constrained\">\n<p>DEUTSCHE VERSION<\/p>\n\n\n\n<p><strong>Copyright<\/strong><\/p>\n\n\n\n<p>\u00a9 Die Inhalte der Website sind im World-Wide-Web f\u00fcr den Online-Zugriff ver\u00f6ffentlicht, das Urheberrecht und die Nutzungsrechte (Copyright) f\u00fcr Texte, Graphiken, Design und Quellcode liegen bei der Universit\u00e4t Wien, ebenso das Nutzungsrecht f\u00fcr die Bilder. Die Erstellung, die Verwendung und die nicht kommerzielle Weitergabe von Kopien in elektronischer oder ausgedruckter Form sind erlaubt, wenn der Inhalt unver\u00e4ndert bleibt und die Quelle angegeben wird (Quelle: Universit\u00e4t Wien).<\/p>\n\n\n\n<div style=\"height:41px\" aria-hidden=\"true\" class=\"wp-block-spacer\"><\/div>\n\n\n\n<p><strong>Haftung<\/strong><\/p>\n\n\n\n<p>S\u00e4mtliche Texte auf der Homepage der Universit\u00e4t Wien wurden sorgf\u00e4ltig gepr\u00fcft. Dessen ungeachtet kann keine Garantie f\u00fcr die Richtigkeit, Vollst\u00e4ndigkeit und Aktualit\u00e4t der Angaben \u00fcbernommen werden. Eine Haftung der Universit\u00e4t Wien wird daher ausgeschlossen. Die Links zu anderen Webseiten wurden sorgf\u00e4ltig ausgew\u00e4hlt. Da die Universit\u00e4t Wien auf deren Inhalt keinen Einfluss hat, \u00fcbernimmt die Universit\u00e4t Wien daf\u00fcr keine Verantwortung.<\/p>\n\n\n\n<div style=\"height:40px\" aria-hidden=\"true\" class=\"wp-block-spacer\"><\/div>\n\n\n\n<p><strong>Inhaltliche und redaktionelle Verantwortung<\/strong><\/p>\n\n\n\n<p><strong>Zentrum f\u00fcr Mikrobiologie und Umweltsystemwissenschaft<\/strong><em><br><br>University of Vienna Biology Building<br>Djerassiplatz 1<br>1030 Wien<br><br>\u260e +43 1 4277 91243<br>\u2709 coe.cemess@univie.ac.at<\/em><\/p>\n\n\n\n<div style=\"height:40px\" aria-hidden=\"true\" class=\"wp-block-spacer\"><\/div>\n<\/div>\n","protected":false},"excerpt":{"rendered":"<p>ENGLISH VERSION Copyright \u00a9 The contents of the website are published in the World Wide Web for online access. Copyright for texts, images, graphic design and source code is owned by the University of Vienna and subject to legal protection. The production, use and non-commercial distribution of copies in electronic or printed form is allowed [&hellip;]<\/p>\n","protected":false},"author":1,"featured_media":0,"parent":0,"menu_order":0,"comment_status":"closed","ping_status":"closed","template":"","meta":{"footnotes":""},"class_list":["post-2391","page","type-page","status-publish","hentry"],"_links":{"self":[{"href":"https:\/\/www.microplanet.at\/index.php\/wp-json\/wp\/v2\/pages\/2391","targetHints":{"allow":["GET"]}}],"collection":[{"href":"https:\/\/www.microplanet.at\/index.php\/wp-json\/wp\/v2\/pages"}],"about":[{"href":"https:\/\/www.microplanet.at\/index.php\/wp-json\/wp\/v2\/types\/page"}],"author":[{"embeddable":true,"href":"https:\/\/www.microplanet.at\/index.php\/wp-json\/wp\/v2\/users\/1"}],"replies":[{"embeddable":true,"href":"https:\/\/www.microplanet.at\/index.php\/wp-json\/wp\/v2\/comments?post=2391"}],"version-history":[{"count":11,"href":"https:\/\/www.microplanet.at\/index.php\/wp-json\/wp\/v2\/pages\/2391\/revisions"}],"predecessor-version":[{"id":2405,"href":"https:\/\/www.microplanet.at\/index.php\/wp-json\/wp\/v2\/pages\/2391\/revisions\/2405"}],"wp:attachment":[{"href":"https:\/\/www.microplanet.at\/index.php\/wp-json\/wp\/v2\/media?parent=2391"}],"curies":[{"name":"wp","href":"https:\/\/api.w.org\/{rel}","templated":true}]}}